{"id":271,"date":"2023-07-20T13:17:14","date_gmt":"2023-07-20T16:17:14","guid":{"rendered":"https:\/\/crecheescolasanpietro.com.br\/?page_id=271"},"modified":"2025-12-03T10:17:01","modified_gmt":"2025-12-03T13:17:01","slug":"proposta-pedagogica","status":"publish","type":"page","link":"https:\/\/crecheescolasanpietro.com.br\/index.php\/proposta-pedagogica\/","title":{"rendered":"Proposta Pedag\u00f3gica"},"content":{"rendered":"<p>Os principais princ\u00edpios da Creche escola San Pietro s\u00e3o:<\/p>\n<p>\u2022\t\u00c9ticos da autonomia, da afetividade, da individualidade, da diversidade, da liberdade, da responsabilidade, da solidariedade, do respeito ao outro e ao bem comum e \u00e0 produ\u00e7\u00e3o de conhecimento da crian\u00e7a;<\/p>\n<p>\u2022\tPrinc\u00edpios pol\u00edticos do exerc\u00edcio pleno da cidadania e do respeito \u00e0 ordem democr\u00e1tica;<\/p>\n<p>\u2022\tPrinc\u00edpios epistemol\u00f3gicos da op\u00e7\u00e3o da escola;<\/p>\n<p>\u2022\tPrinc\u00edpios pedag\u00f3gicos fundamentais para a a\u00e7\u00e3o educacional que atendam \u00e0s exig\u00eancias da educa\u00e7\u00e3o;<\/p>\n<p>\u2022\tPrinc\u00edpios est\u00e9ticos que estimulem a criatividade, a curiosidade, a emo\u00e7\u00e3o e as diversas manifesta\u00e7\u00f5es art\u00edsticas e culturais;<\/p>\n<p>\u2022\tPrinc\u00edpios pedag\u00f3gicos que objetivam o desenvolvimento integral.<\/p>\n","protected":false},"excerpt":{"rendered":"<p>Os principais princ\u00edpios da Creche escola San Pietro s\u00e3o: \u2022 \u00c9ticos da autonomia, da afetividade, da individualidade, da diversidade, da liberdade, da responsabilidade, da solidariedade, do respeito ao outro e ao bem comum e \u00e0 produ\u00e7\u00e3o de conhecimento da crian\u00e7a; \u2022 Princ\u00edpios pol\u00edticos do exerc\u00edcio pleno da cidadania e do respeito \u00e0 ordem democr\u00e1tica; \u2022&hellip;<\/p>\n","protected":false},"author":1,"featured_media":400,"parent":0,"menu_order":0,"comment_status":"closed","ping_status":"open","template":"","meta":{"footnotes":""},"class_list":["post-271","page","type-page","status-publish","has-post-thumbnail","hentry"],"yoast_head":"<!-- This site is optimized with the Yoast SEO plugin v27.4 - https:\/\/yoast.com\/product\/yoast-seo-wordpress\/ -->\n<title>Proposta Pedag\u00f3gica - Creche Escola San Pietro<\/title>\n<meta name=\"robots\" content=\"index, follow, max-snippet:-1, max-image-preview:large, max-video-preview:-1\" \/>\n<link rel=\"canonical\" href=\"https:\/\/crecheescolasanpietro.com.br\/index.php\/proposta-pedagogica\/\" \/>\n<meta property=\"og:locale\" content=\"en_US\" \/>\n<meta property=\"og:type\" content=\"article\" \/>\n<meta property=\"og:title\" content=\"Proposta Pedag\u00f3gica - Creche Escola San Pietro\" \/>\n<meta property=\"og:description\" content=\"Os principais princ\u00edpios da Creche escola San Pietro s\u00e3o: \u2022 \u00c9ticos da autonomia, da afetividade, da individualidade, da diversidade, da liberdade, da responsabilidade, da solidariedade, do respeito ao outro e ao bem comum e \u00e0 produ\u00e7\u00e3o de conhecimento da crian\u00e7a; \u2022 Princ\u00edpios pol\u00edticos do exerc\u00edcio pleno da cidadania e do respeito \u00e0 ordem democr\u00e1tica; \u2022&hellip;\" \/>\n<meta property=\"og:url\" content=\"https:\/\/crecheescolasanpietro.com.br\/index.php\/proposta-pedagogica\/\" \/>\n<meta property=\"og:site_name\" content=\"Creche Escola San Pietro\" \/>\n<meta property=\"article:modified_time\" content=\"2025-12-03T13:17:01+00:00\" \/>\n<meta property=\"og:image\" content=\"https:\/\/crecheescolasanpietro.com.br\/wp-content\/uploads\/2023\/10\/giz-de-cera-1024x196.png\" \/>\n\t<meta property=\"og:image:width\" content=\"1024\" \/>\n\t<meta property=\"og:image:height\" content=\"196\" \/>\n\t<meta property=\"og:image:type\" content=\"image\/png\" \/>\n<meta name=\"twitter:card\" content=\"summary_large_image\" \/>\n<meta name=\"twitter:label1\" content=\"Est. reading time\" \/>\n\t<meta name=\"twitter:data1\" content=\"1 minute\" \/>\n<script type=\"application\/ld+json\" class=\"yoast-schema-graph\">{\"@context\":\"https:\\\/\\\/schema.org\",\"@graph\":[{\"@type\":\"WebPage\",\"@id\":\"https:\\\/\\\/crecheescolasanpietro.com.br\\\/index.php\\\/proposta-pedagogica\\\/\",\"url\":\"https:\\\/\\\/crecheescolasanpietro.com.br\\\/index.php\\\/proposta-pedagogica\\\/\",\"name\":\"Proposta Pedag\u00f3gica - Creche Escola San Pietro\",\"isPartOf\":{\"@id\":\"https:\\\/\\\/crecheescolasanpietro.com.br\\\/#website\"},\"primaryImageOfPage\":{\"@id\":\"https:\\\/\\\/crecheescolasanpietro.com.br\\\/index.php\\\/proposta-pedagogica\\\/#primaryimage\"},\"image\":{\"@id\":\"https:\\\/\\\/crecheescolasanpietro.com.br\\\/index.php\\\/proposta-pedagogica\\\/#primaryimage\"},\"thumbnailUrl\":\"https:\\\/\\\/crecheescolasanpietro.com.br\\\/wp-content\\\/uploads\\\/2023\\\/10\\\/giz-de-cera.png\",\"datePublished\":\"2023-07-20T16:17:14+00:00\",\"dateModified\":\"2025-12-03T13:17:01+00:00\",\"breadcrumb\":{\"@id\":\"https:\\\/\\\/crecheescolasanpietro.com.br\\\/index.php\\\/proposta-pedagogica\\\/#breadcrumb\"},\"inLanguage\":\"en-US\",\"potentialAction\":[{\"@type\":\"ReadAction\",\"target\":[\"https:\\\/\\\/crecheescolasanpietro.com.br\\\/index.php\\\/proposta-pedagogica\\\/\"]}]},{\"@type\":\"ImageObject\",\"inLanguage\":\"en-US\",\"@id\":\"https:\\\/\\\/crecheescolasanpietro.com.br\\\/index.php\\\/proposta-pedagogica\\\/#primaryimage\",\"url\":\"https:\\\/\\\/crecheescolasanpietro.com.br\\\/wp-content\\\/uploads\\\/2023\\\/10\\\/giz-de-cera.png\",\"contentUrl\":\"https:\\\/\\\/crecheescolasanpietro.com.br\\\/wp-content\\\/uploads\\\/2023\\\/10\\\/giz-de-cera.png\",\"width\":5541,\"height\":1063},{\"@type\":\"BreadcrumbList\",\"@id\":\"https:\\\/\\\/crecheescolasanpietro.com.br\\\/index.php\\\/proposta-pedagogica\\\/#breadcrumb\",\"itemListElement\":[{\"@type\":\"ListItem\",\"position\":1,\"name\":\"In\u00edcio\",\"item\":\"https:\\\/\\\/crecheescolasanpietro.com.br\\\/\"},{\"@type\":\"ListItem\",\"position\":2,\"name\":\"Proposta Pedag\u00f3gica\"}]},{\"@type\":\"WebSite\",\"@id\":\"https:\\\/\\\/crecheescolasanpietro.com.br\\\/#website\",\"url\":\"https:\\\/\\\/crecheescolasanpietro.com.br\\\/\",\"name\":\"Creche Escola San Pietro\",\"description\":\"\",\"publisher\":{\"@id\":\"https:\\\/\\\/crecheescolasanpietro.com.br\\\/#organization\"},\"potentialAction\":[{\"@type\":\"SearchAction\",\"target\":{\"@type\":\"EntryPoint\",\"urlTemplate\":\"https:\\\/\\\/crecheescolasanpietro.com.br\\\/?s={search_term_string}\"},\"query-input\":{\"@type\":\"PropertyValueSpecification\",\"valueRequired\":true,\"valueName\":\"search_term_string\"}}],\"inLanguage\":\"en-US\"},{\"@type\":\"Organization\",\"@id\":\"https:\\\/\\\/crecheescolasanpietro.com.br\\\/#organization\",\"name\":\"Creche Escola San Pietro\",\"url\":\"https:\\\/\\\/crecheescolasanpietro.com.br\\\/\",\"logo\":{\"@type\":\"ImageObject\",\"inLanguage\":\"en-US\",\"@id\":\"https:\\\/\\\/crecheescolasanpietro.com.br\\\/#\\\/schema\\\/logo\\\/image\\\/\",\"url\":\"https:\\\/\\\/crecheescolasanpietro.com.br\\\/wp-content\\\/uploads\\\/2023\\\/11\\\/Logo-sem-fundo-e1738197077961.png\",\"contentUrl\":\"https:\\\/\\\/crecheescolasanpietro.com.br\\\/wp-content\\\/uploads\\\/2023\\\/11\\\/Logo-sem-fundo-e1738197077961.png\",\"width\":512,\"height\":265,\"caption\":\"Creche Escola San Pietro\"},\"image\":{\"@id\":\"https:\\\/\\\/crecheescolasanpietro.com.br\\\/#\\\/schema\\\/logo\\\/image\\\/\"}}]}<\/script>\n<!-- \/ Yoast SEO plugin. -->","yoast_head_json":{"title":"Proposta Pedag\u00f3gica - Creche Escola San Pietro","robots":{"index":"index","follow":"follow","max-snippet":"max-snippet:-1","max-image-preview":"max-image-preview:large","max-video-preview":"max-video-preview:-1"},"canonical":"https:\/\/crecheescolasanpietro.com.br\/index.php\/proposta-pedagogica\/","og_locale":"en_US","og_type":"article","og_title":"Proposta Pedag\u00f3gica - Creche Escola San Pietro","og_description":"Os principais princ\u00edpios da Creche escola San Pietro s\u00e3o: \u2022 \u00c9ticos da autonomia, da afetividade, da individualidade, da diversidade, da liberdade, da responsabilidade, da solidariedade, do respeito ao outro e ao bem comum e \u00e0 produ\u00e7\u00e3o de conhecimento da crian\u00e7a; \u2022 Princ\u00edpios pol\u00edticos do exerc\u00edcio pleno da cidadania e do respeito \u00e0 ordem democr\u00e1tica; \u2022&hellip;","og_url":"https:\/\/crecheescolasanpietro.com.br\/index.php\/proposta-pedagogica\/","og_site_name":"Creche Escola San Pietro","article_modified_time":"2025-12-03T13:17:01+00:00","og_image":[{"width":1024,"height":196,"url":"https:\/\/crecheescolasanpietro.com.br\/wp-content\/uploads\/2023\/10\/giz-de-cera-1024x196.png","type":"image\/png"}],"twitter_card":"summary_large_image","twitter_misc":{"Est. reading time":"1 minute"},"schema":{"@context":"https:\/\/schema.org","@graph":[{"@type":"WebPage","@id":"https:\/\/crecheescolasanpietro.com.br\/index.php\/proposta-pedagogica\/","url":"https:\/\/crecheescolasanpietro.com.br\/index.php\/proposta-pedagogica\/","name":"Proposta Pedag\u00f3gica - Creche Escola San Pietro","isPartOf":{"@id":"https:\/\/crecheescolasanpietro.com.br\/#website"},"primaryImageOfPage":{"@id":"https:\/\/crecheescolasanpietro.com.br\/index.php\/proposta-pedagogica\/#primaryimage"},"image":{"@id":"https:\/\/crecheescolasanpietro.com.br\/index.php\/proposta-pedagogica\/#primaryimage"},"thumbnailUrl":"https:\/\/crecheescolasanpietro.com.br\/wp-content\/uploads\/2023\/10\/giz-de-cera.png","datePublished":"2023-07-20T16:17:14+00:00","dateModified":"2025-12-03T13:17:01+00:00","breadcrumb":{"@id":"https:\/\/crecheescolasanpietro.com.br\/index.php\/proposta-pedagogica\/#breadcrumb"},"inLanguage":"en-US","potentialAction":[{"@type":"ReadAction","target":["https:\/\/crecheescolasanpietro.com.br\/index.php\/proposta-pedagogica\/"]}]},{"@type":"ImageObject","inLanguage":"en-US","@id":"https:\/\/crecheescolasanpietro.com.br\/index.php\/proposta-pedagogica\/#primaryimage","url":"https:\/\/crecheescolasanpietro.com.br\/wp-content\/uploads\/2023\/10\/giz-de-cera.png","contentUrl":"https:\/\/crecheescolasanpietro.com.br\/wp-content\/uploads\/2023\/10\/giz-de-cera.png","width":5541,"height":1063},{"@type":"BreadcrumbList","@id":"https:\/\/crecheescolasanpietro.com.br\/index.php\/proposta-pedagogica\/#breadcrumb","itemListElement":[{"@type":"ListItem","position":1,"name":"In\u00edcio","item":"https:\/\/crecheescolasanpietro.com.br\/"},{"@type":"ListItem","position":2,"name":"Proposta Pedag\u00f3gica"}]},{"@type":"WebSite","@id":"https:\/\/crecheescolasanpietro.com.br\/#website","url":"https:\/\/crecheescolasanpietro.com.br\/","name":"Creche Escola San Pietro","description":"","publisher":{"@id":"https:\/\/crecheescolasanpietro.com.br\/#organization"},"potentialAction":[{"@type":"SearchAction","target":{"@type":"EntryPoint","urlTemplate":"https:\/\/crecheescolasanpietro.com.br\/?s={search_term_string}"},"query-input":{"@type":"PropertyValueSpecification","valueRequired":true,"valueName":"search_term_string"}}],"inLanguage":"en-US"},{"@type":"Organization","@id":"https:\/\/crecheescolasanpietro.com.br\/#organization","name":"Creche Escola San Pietro","url":"https:\/\/crecheescolasanpietro.com.br\/","logo":{"@type":"ImageObject","inLanguage":"en-US","@id":"https:\/\/crecheescolasanpietro.com.br\/#\/schema\/logo\/image\/","url":"https:\/\/crecheescolasanpietro.com.br\/wp-content\/uploads\/2023\/11\/Logo-sem-fundo-e1738197077961.png","contentUrl":"https:\/\/crecheescolasanpietro.com.br\/wp-content\/uploads\/2023\/11\/Logo-sem-fundo-e1738197077961.png","width":512,"height":265,"caption":"Creche Escola San Pietro"},"image":{"@id":"https:\/\/crecheescolasanpietro.com.br\/#\/schema\/logo\/image\/"}}]}},"_links":{"self":[{"href":"https:\/\/crecheescolasanpietro.com.br\/index.php\/wp-json\/wp\/v2\/pages\/271","targetHints":{"allow":["GET"]}}],"collection":[{"href":"https:\/\/crecheescolasanpietro.com.br\/index.php\/wp-json\/wp\/v2\/pages"}],"about":[{"href":"https:\/\/crecheescolasanpietro.com.br\/index.php\/wp-json\/wp\/v2\/types\/page"}],"author":[{"embeddable":true,"href":"https:\/\/crecheescolasanpietro.com.br\/index.php\/wp-json\/wp\/v2\/users\/1"}],"replies":[{"embeddable":true,"href":"https:\/\/crecheescolasanpietro.com.br\/index.php\/wp-json\/wp\/v2\/comments?post=271"}],"version-history":[{"count":7,"href":"https:\/\/crecheescolasanpietro.com.br\/index.php\/wp-json\/wp\/v2\/pages\/271\/revisions"}],"predecessor-version":[{"id":593,"href":"https:\/\/crecheescolasanpietro.com.br\/index.php\/wp-json\/wp\/v2\/pages\/271\/revisions\/593"}],"wp:featuredmedia":[{"embeddable":true,"href":"https:\/\/crecheescolasanpietro.com.br\/index.php\/wp-json\/wp\/v2\/media\/400"}],"wp:attachment":[{"href":"https:\/\/crecheescolasanpietro.com.br\/index.php\/wp-json\/wp\/v2\/media?parent=271"}],"curies":[{"name":"wp","href":"https:\/\/api.w.org\/{rel}","templated":true}]}}